{"id":2,"date":"2022-11-03T18:58:30","date_gmt":"2022-11-03T18:58:30","guid":{"rendered":"http:\/\/blockgermany.de\/?page_id=2"},"modified":"2022-12-29T02:57:12","modified_gmt":"2022-12-29T02:57:12","slug":"imprint","status":"publish","type":"page","link":"https:\/\/cpointkrui.com\/id\/imprint","title":{"rendered":"Imprint"},"content":{"rendered":"<section class=\"wpb-content-wrapper\"><div      class=\"vc_row wpb_row section vc_row-fluid \" style=' text-align:left;'><div class=\" full_section_inner clearfix\"><div class=\"wpb_column vc_column_container vc_col-sm-12\"><div class=\"vc_column-inner\"><div class=\"wpb_wrapper\">\n\t<div class=\"wpb_text_column wpb_content_element \">\n\t\t<div class=\"wpb_wrapper\">\n\t\t\t<h1>Imprint<\/h1>\n<p>&nbsp;<\/p>\n<h5>Cpoint Krui <span id=\"cc-m-header-6594043663\" class=\"cc-within-single-module-element j-website-title-content\">Surf Camp<br \/>\n<\/span><\/h5>\n<h5><em><span id=\"cc-m-header-6594043663\" class=\"cc-within-single-module-element j-website-title-content\">(formerly Losmen-Palmbeach-Krui)<\/span><\/em><\/h5>\n<p><span id=\"cc-m-header-6594043663\" class=\"cc-within-single-module-element j-website-title-content\"> Jalan Palapa 15 Labuhan <\/span><\/p>\n<p><span id=\"cc-m-header-6594043663\" class=\"cc-within-single-module-element j-website-title-content\">Jukung-Krui: pos code 34874 <\/span><\/p>\n<p><span id=\"cc-m-header-6594043663\" class=\"cc-within-single-module-element j-website-title-content\">Indonesia <\/span><\/p>\n<p><span id=\"cc-m-header-6594043663\" class=\"cc-within-single-module-element j-website-title-content\">phone: home:+62 (0) 728 xxxxx\u00a0 <\/span><\/p>\n<p><span id=\"cc-m-header-6594043663\" class=\"cc-within-single-module-element j-website-title-content\">mobile:+62 (0) 821 8503xxxx <\/span><\/p>\n<p><span id=\"cc-m-header-6594043663\" class=\"cc-within-single-module-element j-website-title-content\">surf[@]cpointkrui.com<\/span><\/p>\n<p>&nbsp;<\/p>\n<p>&nbsp;<\/p>\n<h3><strong>Inhaltlich Verantwortliche gem\u00e4\u00df 6 TDG und TDDSG:<\/strong><\/h3>\n<p>Christian Lipinski<span dir=\"ltr\"><span class=\"street-address\">\u00a0<\/span><\/span><\/p>\n<p><strong>Fotos:<\/strong><br \/>\n\u00a9 CPoint Krui, Christian Lipinski<\/p>\n<p><strong>Links:<\/strong><br \/>\nAuf unserer Website haben wir Verkn\u00fcpfungen (Links) zu anderen Angeboten im Internet erstellt. Wir weisen ausdr\u00fccklich darauf hin, dass wir keinerlei Einfluss auf Inhalt und Gestaltung der verlinkten Seiten haben, insbesondere nicht auf nachtr\u00e4gliche Ver\u00e4nderungen der verlinkten Seiten. Das gleiche gilt auch f\u00fcr weiterf\u00fchrende Links. Der Besuch der externen Links geschieht auf Risiko des Besuchers. Wir \u00fcbernehmen keine Haftung f\u00fcr den Inhalt der verlinkten Seiten.<\/p>\n<p><strong>Google Analytics:<\/strong><br \/>\nDiese Website benutzt Google Analytics, einen Webanalysedienst der Google Inc., um eine Analyse der Benutzung der Website zu erm\u00f6glichen. Die durch den Einsatz von Google Analytics erzeugten Informationen \u00fcber Ihre Nutzung diese Website (einschlie\u00dflich Ihrer IP-Adresse) werden an einen Server der Google Inc. in den USA \u00fcbertragen und dort gespeichert. Google wird diese Informationen lediglich dazu verwenden, die Nutzung der Website zu analysieren, indem anonymisierte Auswertungen und Grafiken zur Anzahl der Besuche, Anzahl der pro Nutzer aufgerufenen Seiten usw. erstellt werden. Diese setzen wir ausschlie\u00dflich zu Zwecken der eigenen Marktforschung und vor allem der Optimierung und bedarfsgerechten Gestaltung unserer Webseiten ein.<\/p>\n<p><strong>Urheberrechtshinweis:<\/strong><br \/>\nAlle Rechte auf Text, Layout und Programmierung vorbehalten. Jegliche Vervielf\u00e4ltigung oder Weiterverbreitung in jedem Medium als Ganzes oder in Teilen bedarf der schriftlichen Genehmigung.<\/p>\n<p>&nbsp;<\/p>\n<p>&nbsp;<\/p>\n<div class=\"wpb_text_column wpb_content_element \">\n<div class=\"wpb_wrapper\">\n<h4 id=\"haftungsausschluss\">Haftungsausschluss<\/h4>\n<p>&nbsp;<\/p>\n<p><strong>Haftung f\u00fcr Inhalte<br \/>\n<\/strong>Die Inhalte unserer Seiten wurden mit gr\u00f6\u00dfter Sorgfalt erstellt. F\u00fcr die Richtigkeit, Vollst\u00e4ndigkeit und Aktualit\u00e4t der Inhalte k\u00f6nnen wir jedoch keine Gew\u00e4hr \u00fcbernehmen. Als Diensteanbieter sind wir gem\u00e4\u00df \u00a7 7 Abs.1 TMG f\u00fcr eigene Inhalte auf diesen Seiten nach den allgemeinen Gesetzen verantwortlich. Nach \u00a7\u00a7 8 bis 10 TMG sind wir als Diensteanbieter jedoch nicht verpflichtet, \u00fcbermittelte oder gespeicherte fremde Informationen zu \u00fcberwachen oder nach Umst\u00e4nden zu forschen, die auf eine rechtswidrige T\u00e4tigkeit hinweisen. Verpflichtungen zur Entfernung oder Sperrung der Nutzung von Informationen nach den allgemeinen Gesetzen bleiben hiervon unber\u00fchrt. Eine diesbez\u00fcgliche Haftung ist jedoch erst ab dem Zeitpunkt der Kenntnis einer konkreten Rechtsverletzung m\u00f6glich. Bei Bekanntwerden von entsprechenden Rechtsverletzungen werden wir diese Inhalte umgehend entfernen.<\/p>\n<p><strong>Haftung f\u00fcr Links<br \/>\n<\/strong>Unser Angebot enth\u00e4lt Links zu externen Webseiten Dritter, auf deren Inhalte wir keinen Einfluss haben. Deshalb k\u00f6nnen wir f\u00fcr diese fremden Inhalte auch keine Gew\u00e4hr \u00fcbernehmen. F\u00fcr die Inhalte der verlinkten Seiten ist stets der jeweilige Anbieter oder Betreiber der Seiten verantwortlich. Die verlinkten Seiten wurden zum Zeitpunkt der Verlinkung auf m\u00f6gliche Rechtsverst\u00f6\u00dfe \u00fcberpr\u00fcft. Rechtswidrige Inhalte waren zum Zeitpunkt der Verlinkung nicht erkennbar. Eine permanente inhaltliche Kontrolle der verlinkten Seiten ist jedoch ohne konkrete Anhaltspunkte einer Rechtsverletzung nicht zumutbar. Bei Bekanntwerden von Rechtsverletzungen werden wir derartige Links umgehend entfernen.<\/p>\n<\/div>\n<p>&nbsp;<\/p>\n<div class=\"wpb_wrapper\">\n<p><strong>Urheberrecht<br \/>\n<\/strong>Die durch die Seitenbetreiber erstellten Inhalte und Werke auf diesen Seiten sind urheberrechtlich gesch\u00fctzt. Die Vervielf\u00e4ltigung, Bearbeitung, Verbreitung und jede Art der Verwertung au\u00dferhalb der Grenzen des Urheberrechtes bed\u00fcrfen der schriftlichen Zustimmung des jeweiligen Autors bzw. Erstellers. Downloads und Kopien dieser Seite sind nur f\u00fcr den privaten, nicht kommerziellen Gebrauch gestattet. Soweit die Inhalte auf dieser Seite nicht vom Betreiber erstellt wurden, werden die Urheberrechte Dritter beachtet. Insbesondere werden Inhalte Dritter als solche gekennzeichnet. Sollten Sie trotzdem auf eine Urheberrechtsverletzung aufmerksam werden, bitten wir um einen entsprechenden Hinweis. Bei Bekanntwerden von Rechtsverletzungen werden wir derartige Inhalte umgehend entfernen.<\/p>\n<\/div>\n<\/div>\n\n\t\t<\/div> \n\t<\/div> <\/div><\/div><\/div><\/div><\/div>\n<\/section>","protected":false},"excerpt":{"rendered":"Imprint &nbsp; Cpoint Krui Surf Camp (formerly Losmen-Palmbeach-Krui) Jalan Palapa 15 Labuhan Jukung-Krui: pos code 34874 Indonesia phone: home:+62 (0) 728 xxxxx\u00a0 mobile:+62 (0) 821 8503xxxx surf[@]cpointkrui.com &nbsp; &nbsp; Inhaltlich Verantwortliche gem\u00e4\u00df 6 TDG und TDDSG: Christian Lipinski\u00a0 Fotos: \u00a9 CPoint Krui, Christian Lipinski Links:...","protected":false},"author":1,"featured_media":0,"parent":0,"menu_order":0,"comment_status":"closed","ping_status":"open","template":"","meta":{"footnotes":""},"class_list":["post-2","page","type-page","status-publish","hentry"],"_links":{"self":[{"href":"https:\/\/cpointkrui.com\/id\/wp-json\/wp\/v2\/pages\/2","targetHints":{"allow":["GET"]}}],"collection":[{"href":"https:\/\/cpointkrui.com\/id\/wp-json\/wp\/v2\/pages"}],"about":[{"href":"https:\/\/cpointkrui.com\/id\/wp-json\/wp\/v2\/types\/page"}],"author":[{"embeddable":true,"href":"https:\/\/cpointkrui.com\/id\/wp-json\/wp\/v2\/users\/1"}],"replies":[{"embeddable":true,"href":"https:\/\/cpointkrui.com\/id\/wp-json\/wp\/v2\/comments?post=2"}],"version-history":[{"count":0,"href":"https:\/\/cpointkrui.com\/id\/wp-json\/wp\/v2\/pages\/2\/revisions"}],"wp:attachment":[{"href":"https:\/\/cpointkrui.com\/id\/wp-json\/wp\/v2\/media?parent=2"}],"curies":[{"name":"wp","href":"https:\/\/api.w.org\/{rel}","templated":true}]}}